{"id":3959,"date":"2019-07-09T12:54:55","date_gmt":"2019-07-09T12:54:55","guid":{"rendered":"https:\/\/www.visionpubl.com\/it\/?post_type=product&#038;p=3959"},"modified":"2022-04-12T08:59:12","modified_gmt":"2022-04-12T08:59:12","slug":"il-colosseo-e-il-circo-massimo-francese","status":"publish","type":"product","link":"https:\/\/www.visionpubl.com\/it\/guide-turistiche\/il-colosseo-e-il-circo-massimo-francese\/","title":{"rendered":"Il Colosseo e il Circo Massimo (ed. francese)"},"content":{"rendered":"<p><strong>Et\u00e0 consigliata 4-9 anni<\/strong><\/p>\n<p>Difficile poter trovare nell\u2019Antica Roma monumenti cos\u00ec impressionanti come il Colosseo: in queste pagine, sar\u00e0 proprio lui a raccontare la sua storia.<br \/>\nDalla sua voce conosceremo le sue origini e la sua evoluzione e anche gli spettacoli che, nei secoli, si svolgevano tra le sue mura. Durante questa avventura scopriremo non solo i misteri del Colosseo, ma anche quelli del suo grande amico, il Circo Massimo.<br \/>\nEntrambi sono stati imponenti e maestosi; conoscendoli meglio, comprenderemo perch\u00e9 Roma fu la pi\u00f9 grande citt\u00e0 dei suoi tempi, e, ancora oggi, una delle pi\u00f9 famose capitali del mondo.<\/p>\n","protected":false},"excerpt":{"rendered":"<p><strong>Racconto per bambini<\/strong> sulla <strong>nascita di Roma<\/strong>, della nuova collana <strong>Scatola di Roma<\/strong>,\u00a0nata per valorizzare\u00a0il patrimonio artistico della citt\u00e0 e condurre i <strong>bambini<\/strong> in un affascinante percorso di avvicinamento alla <strong>storia di Roma<\/strong> nelle sue diverse epoche.<\/p>\n<p>Il progetto \u00e8 una originale iniziativa dell\u2019artista spagnola <strong>Mar\u00eda \u00c1ngeles Vila<\/strong>, che condivide i suoi processi creativi in laboratori dedicati ai bambini, attraverso un emozionante percorso formativo, sperimentando diverse tecniche, materiali e supporti.<\/p>\n<p>Nel secondo libro della collana \u00e8 il\u00a0<strong>Colosseo\u00a0<\/strong>che si racconta, insieme al <strong>Circo Massimo<\/strong>, in una storia lunga quasi 2000 anni.<\/p>\n<p><strong>Formato<\/strong>: cm 19,5&#215;19,5<\/p>\n<p><strong>Pagine<\/strong>: 32<\/p>\n<p><strong>Testi<\/strong>: \u00d3scar Mart\u00ednez\u00a0Garc\u00eda<\/p>\n<div class=\"page\" title=\"Page 30\">\n<div class=\"section\">\n<div class=\"layoutArea\">\n<div class=\"column\">\n<p><strong>Illustrazioni<\/strong>:\u00a0Mar\u00eda \u00c1ngeles\u00a0Vila<\/p>\n<p><strong>Progetto grafico<\/strong>: Doppiav\u00f9 Studio<\/p>\n<\/div>\n<\/div>\n<\/div>\n<\/div>\n","protected":false},"featured_media":3916,"comment_status":"closed","ping_status":"closed","template":"","meta":[],"_links":{"self":[{"href":"https:\/\/www.visionpubl.com\/it\/wp-json\/wp\/v2\/product\/3959"}],"collection":[{"href":"https:\/\/www.visionpubl.com\/it\/wp-json\/wp\/v2\/product"}],"about":[{"href":"https:\/\/www.visionpubl.com\/it\/wp-json\/wp\/v2\/types\/product"}],"replies":[{"embeddable":true,"href":"https:\/\/www.visionpubl.com\/it\/wp-json\/wp\/v2\/comments?post=3959"}],"wp:featuredmedia":[{"embeddable":true,"href":"https:\/\/www.visionpubl.com\/it\/wp-json\/wp\/v2\/media\/3916"}],"wp:attachment":[{"href":"https:\/\/www.visionpubl.com\/it\/wp-json\/wp\/v2\/media?parent=3959"}],"curies":[{"name":"wp","href":"https:\/\/api.w.org\/{rel}","templated":true}]}}