{"id":2494,"date":"2016-03-24T06:31:12","date_gmt":"2016-03-24T06:31:12","guid":{"rendered":"http:\/\/www.visionpubl.com\/it\/?post_type=product&#038;p=2494"},"modified":"2021-01-29T20:51:45","modified_gmt":"2021-01-29T20:51:45","slug":"%d1%80%d0%b8%d0%bc","status":"publish","type":"product","link":"https:\/\/www.visionpubl.com\/it\/guide-turistiche\/%d1%80%d0%b8%d0%bc\/","title":{"rendered":"\u0420\u0438\u043c. Guida di Roma in russo"},"content":{"rendered":"<p>La<strong>\u00a0Guida di Roma Vision<\/strong>\u00a0\u00e8 la nostra guida pi\u00f9 venduta. Questa \u00e8 l&#8217;edizione in russo.<\/p>\n<p>In\u00a0questa guida troverai\u00a0l&#8217;affascinante <strong>storia dei monumenti<\/strong> che hanno reso <strong>Roma<\/strong> famosa in tutto il mondo e le <strong>curiosit\u00e0 <\/strong>della vita quotidiana degli<strong> antichi romani<\/strong>.<\/p>\n<p>E troverai <strong>20 incredibili immagini di ricostruzione<\/strong> dei pi\u00f9 grandi <strong>monumenti di Roma<\/strong>, che potrai sovrapporre in trasparenza alle loro <strong>foto attuali<\/strong>, confrontando visivamente il Passato e il Presente.<\/p>\n<p>La <strong>guida di Roma<\/strong> include una <strong>mappa della citt\u00e0<\/strong> e un CD \/ DVD Rom scaricabile.<\/p>\n<p><strong>Autore<\/strong>:\u00a0<strong>Romolo Augusto Staccioli<\/strong>, Docente di Etruscologia e Antichit\u00e0 Italiche presso l\u2019Universit\u00e0 degli Studi di Roma \u201cLa Sapienza\u201d<\/p>\n<p><strong>Formato <\/strong>: cm 19,5 x 14<\/p>\n<p><strong>Pagine<\/strong>: 100<\/p>\n<p><strong>20 Ricostruzioni<\/strong>: <a href=\"http:\/\/www.visionpubl.com\/it\/citta\/roma\/foro-mercati-traiano\/\" target=\"_blank\">Foro di Traiano, Mercati Traianei<\/a>, Foro di Cesare, Templi di Saturno e della Concordia\u00ad\u00ad, Foro di Augusto, <a href=\"http:\/\/www.visionpubl.com\/it\/citta\/roma\/colosseo\/\" target=\"_blank\">Colosseo<\/a>, Domus Aurea, Piazza del Foro, Templi di Cesare e dei C\u00e1stori, Basilica Emilia, Tempio di Vesta e l\u2019Arco di Augusto, Casa delle Vestali, Basilica di Massenzio, Stadio Palatino, Domus Augustana, Circo Massimo, Teatro Marcello, Isola Tiberina, Largo Argentina, Pantheon, Mausoleo di Adriano, Stadio di Domiziano, Basilica di San Pietro<\/p>\n","protected":false},"excerpt":{"rendered":"<p>La <strong>Guida di Roma<\/strong>\u00a0<strong>Vision<\/strong> \u00e8 la nostra guida pi\u00f9 venduta.\u00a0Questa \u00e8 l&#8217;edizione in russo.<\/p>\n<p>Contiene la storia dettagliata e le ricostruzioni\u00a0del <strong>Colosseo<\/strong>, del <strong>Foro di Traiano<\/strong>, del <strong>Pantheon<\/strong> e degli altri monumenti archeologici pi\u00f9 importanti\u00a0della Citt\u00e0 Eterna, che potrai sovrapporre in trasparenza alle loro foto attuali.<\/p>\n<p>Include\u00a0CD-Rom\u00a0con contenuti multimediali e\u00a0mappa della citt\u00e0.<\/p>\n","protected":false},"featured_media":2793,"comment_status":"open","ping_status":"closed","template":"","meta":[],"_links":{"self":[{"href":"https:\/\/www.visionpubl.com\/it\/wp-json\/wp\/v2\/product\/2494"}],"collection":[{"href":"https:\/\/www.visionpubl.com\/it\/wp-json\/wp\/v2\/product"}],"about":[{"href":"https:\/\/www.visionpubl.com\/it\/wp-json\/wp\/v2\/types\/product"}],"replies":[{"embeddable":true,"href":"https:\/\/www.visionpubl.com\/it\/wp-json\/wp\/v2\/comments?post=2494"}],"wp:featuredmedia":[{"embeddable":true,"href":"https:\/\/www.visionpubl.com\/it\/wp-json\/wp\/v2\/media\/2793"}],"wp:attachment":[{"href":"https:\/\/www.visionpubl.com\/it\/wp-json\/wp\/v2\/media?parent=2494"}],"curies":[{"name":"wp","href":"https:\/\/api.w.org\/{rel}","templated":true}]}}