{"id":1891,"date":"2016-02-24T16:21:26","date_gmt":"2016-02-24T16:21:26","guid":{"rendered":"http:\/\/www.visionpubl.com\/product\/booklet-pompei-ercolano-francese\/"},"modified":"2026-02-03T18:39:31","modified_gmt":"2026-02-03T18:39:31","slug":"pompei-et-herculanum-lombre-du-vesuve","status":"publish","type":"product","link":"https:\/\/www.visionpubl.com\/it\/guide-turistiche\/pompei-et-herculanum-lombre-du-vesuve\/","title":{"rendered":"Pomp\u00e9i et Herculanum \u00e0 l&#8217;ombre du V\u00e9suve"},"content":{"rendered":"<p>La<strong>\u00a0Guida di Pompei ed Ercolano\u00a0di Vision &#8211; Passato e Presente<\/strong>\u00a0contiene la\u00a0<strong>storia di Pompei, di Ercolano<\/strong>\u00a0e dei loro templi e monumenti,\u00a0raccontata\u00a0in\u00a0un emozionante viaggio tra le rovine.<\/p>\n<p>Una guida ricca di <strong>curiosit\u00e0, notizie storiche<\/strong> e immagini sul <strong>Vesuvio<\/strong> e sulla famosa <strong>eruzione<\/strong> che nel 79 d.C. distrusse Pompei ed Ercolano.<\/p>\n<p>E troverai <strong>8\u00a0accurate immagini di ricostruzione<\/strong>\u00a0dei pi\u00f9 importanti <strong>monumenti di Pompei ed Ercolano<\/strong>, che potrai sovrapporre in trasparenza alle loro <strong>foto attuali<\/strong>, confrontando visivamente il Passato e il Presente.<\/p>\n<p>Include <strong>CD Rom multimediale<\/strong> in omaggio.<\/p>\n<p><strong>Autori<\/strong>:\u00a0Elio Abatino,\u00a0Alfonso De Francisis, Irene Bragantini.<\/p>\n<p><strong>Edizione<\/strong>:\u00a0francese<\/p>\n","protected":false},"excerpt":{"rendered":"<p>La<strong>\u00a0Guida di Pompei ed Ercolano\u00a0di Vision<\/strong>\u00a0contiene\u00a0la\u00a0<strong>storia\u00a0<\/strong>e<strong>\u00a0<\/strong>le<strong> immagini di ricostruzione<\/strong><strong>\u00a0<\/strong>dei <strong>monumenti <\/strong>delle due citt\u00e0 distrutte dal Vesuvio nel 79 d.C.,\u00a0che potrai sovrapporre in trasparenza alle loro <strong>foto attuali<\/strong>, confrontando visivamente il Passato e il Presente. Edizione in <strong>francese<\/strong>.<\/p>\n<p>Include<strong> CD Rom multimediale<\/strong>.<\/p>\n","protected":false},"featured_media":4233,"comment_status":"open","ping_status":"closed","template":"","meta":[],"_links":{"self":[{"href":"https:\/\/www.visionpubl.com\/it\/wp-json\/wp\/v2\/product\/1891"}],"collection":[{"href":"https:\/\/www.visionpubl.com\/it\/wp-json\/wp\/v2\/product"}],"about":[{"href":"https:\/\/www.visionpubl.com\/it\/wp-json\/wp\/v2\/types\/product"}],"replies":[{"embeddable":true,"href":"https:\/\/www.visionpubl.com\/it\/wp-json\/wp\/v2\/comments?post=1891"}],"wp:featuredmedia":[{"embeddable":true,"href":"https:\/\/www.visionpubl.com\/it\/wp-json\/wp\/v2\/media\/4233"}],"wp:attachment":[{"href":"https:\/\/www.visionpubl.com\/it\/wp-json\/wp\/v2\/media?parent=1891"}],"curies":[{"name":"wp","href":"https:\/\/api.w.org\/{rel}","templated":true}]}}