{"id":2278,"date":"2016-03-09T17:03:41","date_gmt":"2016-03-09T17:03:41","guid":{"rendered":"http:\/\/www.visionpubl.com\/?page_id=2278"},"modified":"2016-03-09T17:03:41","modified_gmt":"2016-03-09T17:03:41","slug":"termini-di-acquisto","status":"publish","type":"page","link":"https:\/\/www.visionpubl.com\/it\/termini-di-acquisto\/","title":{"rendered":"Termini di acquisto"},"content":{"rendered":"<p><strong><strong>Condizioni generali.<\/strong><\/strong> Sul sito www.visionpubl.com \u00e8 possibile la vendita, a privati consumatori ma anche ad operatori professionali, del catalogo di libri, guide e prodotti della Casa editrice Vision (di seguito Editore); tale vendita si svolge nel rispetto della normativa italiana in tema di contratti a distanza. La vendita \u00e8 regolata dalle presenti Condizioni Generali, che devono considerarsi parte integrante del contratto di vendita. Si invita pertanto il Cliente, prima della conferma dell\u2019ordine di acquisto, a leggere attentamente le informazioni contenute nelle seguenti condizioni di vendita. La convalida dell&#8217;ordine avr\u00e0 valore di accettazione delle Condizioni Generali, senza nessun ricorso possibile. L\u2019invio dell\u2019ordine da parte del Cliente vale come accettazione delle condizioni di vendita a quel momento vigenti. Eventuali modifiche o nuove condizioni di vendita saranno tempestivamente comunicate al Cliente e verranno applicate alle sole vendite concluse successivamente alla pubblicazione.<\/p>\n<p><strong><strong>Ordini.<\/strong><\/strong> Dalle pagina di presentazione del libro si pu\u00f2, selezionando il link \u201cacquista il libro\u201d, accedere alla sezione di vendita on-line. Di seguito \u00e8 possibile scegliere il numero di copie desiderate, nonch\u00e9 la lingua: le guide Vision Past &amp; Present sono disponibili in 15 lingue. Dopo aver scelto la lingua e la quantit\u00e0, dovranno essere inseriti i dati necessari per la spedizione e dovr\u00e0 essere scelto il metodo di pagamento. Per concludere il contratto di acquisto di uno o pi\u00f9 prodotti, l\u2019ordine inviato dal Cliente all&#8217;Editore attraverso il sito deve essere completato in ogni sua parte e deve contenere gli elementi necessari per l\u2019identificazione del Cliente e dei prodotti ordinati, nonch\u00e9 l\u2019indicazione del luogo di consegna. Una volta inviato l&#8217;ordine, il Cliente ricever\u00e0 tramite e-mail una conferma della corretta ricezione del suo ordine.<\/p>\n<p><strong>Prezzi e disponibilit\u00e0. <\/strong>I prezzi dei libri dell&#8217;Editore sono chiaramente indicati sul sito e si intendono comprensivi di IVA. Al prezzo del prodotto va aggiunto il costo di spedizione, il cui ammontare varia in base alla modalit\u00e0 di consegna richiesta. I prezzi applicati sono quelli indicati nel sito al momento dell\u2019ordine da parte del Cliente. I prezzi dei singoli prodotti sono suscettibili di variazione e, pertanto, i prezzi di volta in volta indicati nel sito, annullano e sostituiscono quelli precedentemente indicati. In particolari circostanze, l&#8217;Editore potrebbe non essere in grado di assicurare la disponibilit\u00e0 di tutti i prodotti offerti e non potr\u00e0 pertanto essere considerato responsabile per la temporanea indisponibilit\u00e0 di uno o pi\u00f9 prodotti. Nel caso di mancata disponibilit\u00e0 di un prodotto, sar\u00e0 data comunicazione ai Clienti tramite e-mail. In caso di pagamento gi\u00e0 effettuato, l&#8217;Editore si riserva la possibilit\u00e0 di proporre in sostituzione un articolo di qualit\u00e0 e prezzo equivalenti, senza addebitare costi aggiuntivi al cliente. Nel caso in cui ci\u00f2 non sia possibile, o nel caso in cui il cliente non desideri sostituzioni, potr\u00e0 decidere se attendere la nuova disponibilit\u00e0 o annullare l\u2019ordine, sempre senza costi aggiuntivi.<strong><br \/>\n<\/strong><br \/>\n<strong><strong>Pagamento.<\/strong><\/strong> Il pagamento dei libri ordinati tramite il sito dovr\u00e0 essere effettuato anticipatamente. L&#8217;Editore si impegna a spedire i prodotti acquistati entro 2 giorni lavorativi dall&#8217;avvenuta ricezione del pagamento. La documentazione fiscale verr\u00e0 rilasciata al momento della consegna. (Per le informazioni dettagliate si rimanda alla sezione MODALIT\u00c0 DI PAGAMENTO).<\/p>\n<p><strong>Consegna dei prodotti. <\/strong>La consegna dei libri ordinati verr\u00e0 effettuata all&#8217;indirizzo indicato al momento di registrazione. (Per le condizioni si rimanda alla sezione SPEDIZIONI E CONSEGNA). Tutti i tempi di consegna riportati sono stime basate esclusivamente sulla disponibilit\u00e0, sull&#8217;elaborazione normale dell&#8217;ordine e sui tempi di consegna dichiarati dai vettori.<\/p>\n<p><strong>Legislazione vigente e competenza. <\/strong>I contratti tra l&#8217;Editore e i Clienti del sito saranno sottoposti alla legislazione italiana e tutte le controversie saranno di competenza del Tribunale di Roma.<\/p>\n<p><strong>Reso di merce danneggiata.<\/strong> Eventuali danni inerenti l&#8217;integrit\u00e0 fisica devono essere segnalati all&#8217;Editore entro 7 giorni dalla avvenuta consegna della merce. L&#8217;Editore provveder\u00e0 alla sostituzione dei prodotti danneggiati e al successivo invio al Cliente, che non dovr\u00e0 sostenere spese aggiuntive.<\/p>\n<p><strong>Garanzie.<\/strong> L&#8217;Editore, nei limiti di disponibilit\u00e0 sopra disciplinati, garantisce che verranno consegnati prodotti eguali a quelli indicati e descritti nel sito. Le caratteristiche essenziali dei prodotti sono presentate all&#8217;interno di ciascuna scheda prodotto; le immagini presenti sul sito sono fornite al Cliente per agevolare il riconoscimento dei prodotti; le foto potrebbero non rispecchiare esattamente l\u2019aspetto dell\u2019articolo consegnato.<\/p>\n<p><strong>Divieti.<\/strong> La vendita di uno o pi\u00f9 articoli non attribuisce al Cliente alcun altro diritto che quello relativo al possesso della cosiddetta \u201ccopia privata\u201d: di conseguenza \u00e8 vietata la riproduzione in tutto o in parte dell\u2019opera contenuta nell\u2019articolo venduto. Ogni utilizzo differente e di conseguenza non consentito sar\u00e0 trattato secondo le discipline di cui alla L 633\/41.<\/p>\n","protected":false},"excerpt":{"rendered":"<p>Condizioni generali. Sul sito www.visionpubl.com \u00e8 possibile la vendita, a privati consumatori ma anche ad operatori professionali, del catalogo di libri, guide e prodotti della Casa editrice Vision (di seguito Editore); tale vendita si svolge nel rispetto della normativa italiana in tema di contratti a distanza. La vendita \u00e8 regolata dalle presenti Condizioni Generali, che [&hellip;]<\/p>\n","protected":false},"author":1,"featured_media":0,"parent":0,"menu_order":0,"comment_status":"closed","ping_status":"closed","template":"","meta":[],"_links":{"self":[{"href":"https:\/\/www.visionpubl.com\/it\/wp-json\/wp\/v2\/pages\/2278"}],"collection":[{"href":"https:\/\/www.visionpubl.com\/it\/wp-json\/wp\/v2\/pages"}],"about":[{"href":"https:\/\/www.visionpubl.com\/it\/wp-json\/wp\/v2\/types\/page"}],"author":[{"embeddable":true,"href":"https:\/\/www.visionpubl.com\/it\/wp-json\/wp\/v2\/users\/1"}],"replies":[{"embeddable":true,"href":"https:\/\/www.visionpubl.com\/it\/wp-json\/wp\/v2\/comments?post=2278"}],"version-history":[{"count":0,"href":"https:\/\/www.visionpubl.com\/it\/wp-json\/wp\/v2\/pages\/2278\/revisions"}],"wp:attachment":[{"href":"https:\/\/www.visionpubl.com\/it\/wp-json\/wp\/v2\/media?parent=2278"}],"curies":[{"name":"wp","href":"https:\/\/api.w.org\/{rel}","templated":true}]}}