{"id":2276,"date":"2016-03-09T17:02:47","date_gmt":"2016-03-09T17:02:47","guid":{"rendered":"http:\/\/www.visionpubl.com\/?page_id=2276"},"modified":"2018-06-06T13:44:41","modified_gmt":"2018-06-06T13:44:41","slug":"informativa-privacy","status":"publish","type":"page","link":"https:\/\/www.visionpubl.com\/it\/informativa-privacy\/","title":{"rendered":"Informativa privacy"},"content":{"rendered":"<p>Ai sensi del Decreto Legislativo n. 196 del 30 giugno 2003 (\u201cCodice in materia di protezione dei dati personali\u201d) desideriamo informarLa che i dati personali forniti sul sito <a href=\"http:\/\/www.visionpubl.com\/\">vision.arpsoft.webfactional.com<\/a> verranno trattati nel rispetto dei diritti, delle libert\u00e0 fondamentali e della dignit\u00e0 dell\u2019interessato, tutelandone la riservatezza ed il diritto alla loro protezione.<\/p>\n<p><strong>Titolare del trattamento.<\/strong> Il Titolare del trattamento dei dati personali inseriti dagli utenti del sito vision.arpsoft.webfactional.com \u00e8 la Casa editrice Vision S.r.l. (di seguito Editore) con sede in viale XXI Aprile, 29\u2013 00162 Roma. L&#8217;Editore effettuer\u00e0 tale trattamento nel rispetto dei principi di correttezza, liceit\u00e0 e trasparenza e tutela della sua riservatezza e dei suoi diritti, ai sensi dell\u2019art. 13 del Codice. Responsabile del trattamento \u00e8 il Responsabile dell\u2019Ufficio Commerciale; l\u2019elenco completo dei responsabili al trattamento dati sar\u00e0 fornito su richiesta degli interessati.<\/p>\n<p><strong>Luogo e finalit\u00e0 di trattamento dei dati.<\/strong> I dati personali da Lei forniti durante la registrazione, l&#8217;iscrizione alla Newsletter e l&#8217;ordine di acquisto, le loro successive variazioni, nonch\u00e9 i commenti e i giudizi, verranno registrati e conservati su supporti database protetti e trattati con adeguate misure di sicurezza e conservati al solo fine di erogare i servizi previsti dal sito stesso e necessari al suo corretto funzionamento. I dati verranno trattati principalmente con strumenti elettronici e informatici e memorizzati sia su supporti informatici che su supporti cartacei, nel rispetto delle misure minime di sicurezza ai sensi del Disciplinare Tecnico in materia di misure minime di sicurezza, Allegato B) del D.Lgs. n. 196\/2003. I dati personali da Lei forniti verranno sottoposti ai seguenti trattamenti:<br \/>\na) Espletamento delle pratiche tecniche, burocratiche ed amministrative previste dal rapporto da Lei instaurato con L&#8217;Editore e gestione dei relativi adempimenti obbligatori per legge;<br \/>\nb) Adempimento ad obblighi contrattuali, di supporto tecnico e informazione tecnica e di assistenza post vendita;<br \/>\nc) Gestione amministrativa, contabile, fiscale ed assicurativa nonch\u00e9 archiviazione mediante la creazione di un&#8217;anagrafica clienti;<br \/>\nd) Realizzazione di campagne di marketing, promozionali e pubblicitarie con invio di documentazione presso il domicilio del cliente (posta tradizionale, mail, fax, ecc.);<br \/>\ne) (solo previa espressione di uno specifico consenso) per la comunicazione di informazioni commerciali su future iniziative commerciali, di annunci di nuovi prodotti, servizi e offerte, mediante invio di e-mail pubblicitari. L&#8217;invio delle e-mail non determiner\u00e0 in nessun caso la cessione di dati personali a soggetti terzi.<br \/>\nL\u2019autorizzazione al trattamento dei suoi dati \u00e8 facoltativa, cos\u00ec come indicato dal punto 4 dell\u2019art. 23 del Codice della Privacy. Tuttavia, \u00e8 nostro obbligo informarla che il conferimento dei dati \u00e8 obbligatorio per adempiere agli obblighi di legge in materia fiscale e per un corretto svolgimento dei rapporti contrattuali in essere e di quelli che si instaureranno. L&#8217;eventuale rifiuto di fornire tali dati non inficer\u00e0 la qualit\u00e0 dei servizi offerti dalla nostra azienda, ma comporter\u00e0 l&#8217;impossibilit\u00e0 di perfezionare il contratto con la mancata erogazione dei servizi.I dati, per quanto di competenza, saranno trattati all&#8217;interno dell&#8217;azienda da parte di responsabili o incaricati al trattamento in possesso dei requisiti minimi di capacit\u00e0 e formazione.<br \/>\nI dati personali verranno conservati nel nostro database e registrati in modo da consentirne l&#8217;accesso solo ai soggetti autorizzati dall&#8217;Editore; potranno essere comunicati a:<br \/>\n&#8211;\u00a0istituti di credito per le operazioni di incasso e di pagamento;<br \/>\n&#8211;\u00a0commercialisti e liberi professionisti affini per la corretta esecuzione degli adempimenti fiscali di legge;<br \/>\n&#8211;\u00a0organi di Stato preposti a verifiche e controlli circa la regolarit\u00e0 degli adempimenti contabili e fiscali previsti dalla legge.<br \/>\nResta in ogni caso fermo il divieto di comunicare o diffondere i Suoi dati personali a societ\u00e0 terze o a soggetti diversi da quelli sopra indicati, se non per l\u2019adempimento di obblighi previsti dalla legge.<\/p>\n<p><strong>Diritti dell&#8217;interessato<\/strong>. L&#8217;interessato potr\u00e0 in qualsiasi momento esercitare, nei tempi e nelle modalit\u00e0 previsti dalla legge, i diritti di cui all\u2019art. 7 del D.Lgs. 196\/03 che riportiamo qui di seguito:<em><br \/>\n1. L\u2019interessato ha diritto di ottenere la conferma dell\u2019esistenza o meno di dati personali che lo riguardano, anche se non ancora registrati, e la loro comunicazione in forma intelligibile.<br \/>\n2. L\u2019interessato ha diritto di ottenere l\u2019indicazione:<\/em><em><br \/>\na) dell\u2019origine dei dati personali;<\/em><em><br \/>\nb)delle finalit\u00e0 e modalit\u00e0 del trattamento;<\/em><em><br \/>\nc) della logica applicata in caso di trattamento effettuato con l\u2019ausilio di strumenti elettronici;<\/em><em><br \/>\nd) degli estremi identificativi del titolare, dei responsabili e del rappresentante designato ai sensi dell\u2019art. 5, comma 2;<\/em><em><br \/>\ne) dei soggetti e delle categorie di soggetti ai quali i dati personali possono essere comunicati o che possono venirne a conoscenza in qualit\u00e0 di rappresentante designato nel territorio dello Stato, di responsabili o incaricati.<\/em><em><br \/>\n3. L\u2019interessato ha diritto di ottenere:<\/em><em><br \/>\na) l\u2019aggiornamento, la rettifica ovvero, quando vi ha interesse, l\u2019integrazione dei dati;<\/em><em><br \/>\nb) la cancellazione, la trasformazione in forma anonima o il blocco dei dati trattati in violazione di legge, compresi quelli di cui non \u00e8 necessaria la conservazione in relazione agli scopi per i quali i dati sono stati raccolti o successivamente trattati;<\/em><em><br \/>\nc)l\u2019attestazione che le operazioni di cui alle lettere a) e b) sono state portate a conoscenza, anche per quanto riguarda il loro contenuto, di coloro ai quali i dati sono stati comunicati o diffusi, eccettuato il caso in cui tale adempimento si rivela impossibile o comporta un impiego di mezzi manifestamente sproporzionato rispetto al diritto tutelato.<\/em><em><br \/>\n4. L\u2019interessato ha diritto di opporsi, in tutto o in parte:<\/em><em><br \/>\na) per motivi legittimi al trattamento dei dati personali che lo riguardano, ancorch\u00e9 pertinenti allo scopo della raccolta;<\/em><em><br \/>\nb) al trattamento di dati personali che lo riguardano ai fini di invio di materiale pubblicitario o di vendita diretta o per il compimento di ricerche di mercato o di comunicazione commerciale.<\/em><br \/>\nPer esercitare i diritti previsti all\u2019art. 7 del D.Lgs. n. 196\/2003, l\u2019interessato dovr\u00e0 rivolgere richiesta scritta indirizzata a:<br \/>\nVision S.r.l.<br \/>\nviale XXI Aprile, 29<br \/>\n00162 Roma (RM)<br \/>\nTel\/Fax (+39) 06 44292688<br \/>\nE-mail\u00a0 <a href=\"mailto:contact@visionpubl.com\">contact@visionpubl.com<\/a><br \/>\nI Dati personali saranno accessibili dall\u2019Utente su base personale e riservata. Pertanto, ai fini dell\u2019elaborazione della richiesta dell\u2019Utente, egli dovr\u00e0 comunicare le informazioni necessarie alla propria identificazione in quanto proprietario dei suddetti Dati personali.<\/p>\n<p><strong>Dati relativi ai commenti e agli User Generated Content. <\/strong>Il sito \u00e8 predisposto all\u2019inserimento da parte degli utenti registrati di commenti, messaggi in aree forum e all&#8217;interno del blog. Questi tipi di informazioni saranno visibili agli altri visitatori del sito e come tali, pur non essendo questa pratica prevista dalla policy n\u00e9 dalle vigenti legislazioni, potrebbero essere copiati e pubblicati su siti terzi all\u2019insaputa dell&#8217;Editore e senza il suo espresso consenso. L&#8217;Editore non sar\u00e0 ritenuto responsabile, neppure in maniera oggettiva, per eventuali conseguenze di tali accadimenti. Nel caso in cui l\u2019utente in un secondo tempo chiedesse che il proprio account venga cancellato dai database del sito, non sar\u00e0 comunque possibile cancellare anche i commenti e gli User Generated Content creati fino ad allora perch\u00e9 questo renderebbe la base dati e le successive risposte di altri utenti inconsistenti.<\/p>\n<p><strong>Aggiornamento dei dati personali<\/strong>. L\u2019utente pu\u00f2 in qualsiasi momento aggiornare i propri dati accendendo con il proprio account alle apposite pagine del sito. Qualora i Dati personali non vengano aggiornati dall\u2019Utente stesso, saranno eliminati automaticamente dal database dell\u2019Editore del sito <em>6 mesi<\/em> dopo la data del loro ultimo aggiornamento o qualora non siano stati effettuati aggiornamenti dopo <em>6 mesi<\/em> dalla data di registrazione dell\u2019Utente. Relativamente ai Dati personali raccolti attraverso i moduli di richiesta, l\u2019Editore del sito informa l\u2019Utente che tali Dati personali saranno eliminati automaticamente dopo 6 mesi dalla data della registrazione.<\/p>\n<p><strong>Sicurezza<\/strong>. L\u2019Editore del sito s\u2019impegna a fare del suo meglio per proteggere i Dati personali dell\u2019Utente da qualunque tipo di danno, perdita, appropriazione indebita, intrusione, divulgazione, alterazione o distruzione.<\/p>\n<p><strong>Password<\/strong>. I soggetti titolari del trattamento e i loro delegati non sono in condizione in nessun caso di accedere alla password scelta dall\u2019utente per proteggere il proprio account, che \u00e8 memorizzata in maniera criptata all\u2019interno dei database del sito. Di conseguenza, in caso di dimenticanza da parte dell\u2019utente della propria password, l\u2019unica modalit\u00e0 per recuperarla sar\u00e0 utilizzare i servizi automatizzati disponibili a tal fine sul sito.<\/p>\n<p><strong>Accesso, modifica ed eliminazione dei dati personali<\/strong>. L\u2019Editore del sito informa l\u2019Utente che egli ha diritto ad accedere, modificare ed eliminare tutti i propri Dati personali raccolti durante la registrazione o consultazione dei Servizi informativi forniti dall\u2019Editore del sito. La cancellazione dei propri dati dal database del sito potr\u00e0 essere richiesta in qualsiasi momento scrivendo una e-mail all\u2019indirizzo\u00a0<a href=\"mailto:contact@visionpubl.com\">contact@visionpubl.com<\/a><br \/>\nVerr\u00e0 sempre data conferma con una e-mail di risposta dell\u2019effettiva cancellazione dell\u2019account.<br \/>\n<a name=\"cookie\"><\/a><br \/>\nPer disdire l\u2019abbonamento alla Newsletter, \u00e8 possibile esercitare il Diritto di recesso facendo clic sul link in fondo alla Newsletter: \u201cQualora non desideri pi\u00f9 ricevere la Newsletter, <strong>fai clic qui\u201d<\/strong>. Tale richiesta \u00e8 elaborata automaticamente da un programma che invier\u00e0 un&#8217;e-mail di conferma della disdetta una volta terminata l\u2019elaborazione, indicando l\u2019indirizzo eliminato.<\/p>\n<p>Qualora l\u2019Utente abbia espresso la disdetta a ricevere le Newsletter, anche nel caso in cui egli sia cliente dell\u2019Editore del sito, non ricever\u00e0 pi\u00f9 le Newsletter se non facendone formale richiesta.<\/p>\n<h3><strong>Informativa sull&#8217;utilizzo dei Cookie<\/strong><\/h3>\n<p>Un cookie \u00e8 un file di testo che un sito web vistato dall\u2019utente invia al suo terminale (computer, dispositivo mobile quale smartphone o tablet) dove viene memorizzato per essere poi ritrasmesso a tale sito in occasione di una visita successiva al sito medesimo.<\/p>\n<p>Su questo Sito\u00a0vengono installati cookie tecnici, analitici e di profilazione di terze parti.<\/p>\n<p><em>Cookie analitici<\/em><\/p>\n<p>I seguenti\u00a0cookie sono utilizzati da terze parti per permettere a Vision la\u00a0raccolta di dati statistici sulla navigazione e l&#8217;utilizzo del sito da parte dell&#8217;utente.<\/p>\n<p><strong>Google Analytics<\/strong><\/p>\n<p>Informativa privacy di Google:<br \/>\n<a href=\"http:\/\/www.google.com\/intl\/it\/policies\/privacy\/\">http:\/\/www.google.com\/intl\/it\/policies\/privacy\/<\/a><\/p>\n<p>Per disabilitare i cookie di Google Analytics:<br \/>\n<a href=\"https:\/\/tools.google.com\/dlpage\/gaoptout\">https:\/\/tools.google.com\/dlpage\/gaoptout<\/a><\/p>\n<p><em>Cookie di profilazione pubblicitaria:<\/em><\/p>\n<p>I seguenti cookie vengono utilizzati per erogare pubblicit\u00e0 basata sugli interessi manifestati attraverso la navigazione in internet.<\/p>\n<p><strong>Google AdWords<\/strong><\/p>\n<p>Informativa privacy di Google:<br \/>\n<a href=\"http:\/\/www.google.com\/intl\/en\/policies\/privacy\/\">http:\/\/www.google.com\/intl\/en\/policies\/privacy\/<\/a><\/p>\n<p>Per disabilitare i cookie di Google AdWords:<br \/>\n<a href=\"http:\/\/www.aboutads.info\/choices\/\">http:\/\/www.aboutads.info\/choices\/<\/a><\/p>\n<p><em>Cookie di social network:<\/em><\/p>\n<p>I seguenti cookie vengono utilizzati dai social network per la condivisione di contenuti:<\/p>\n<p><strong>Facebook social plugin<\/strong><\/p>\n<p>Informativa privacy di Facebook:<br \/>\n<a href=\"https:\/\/www.facebook.com\/full_data_use_policy\">https:\/\/www.facebook.com\/full_data_use_policy<\/a><\/p>\n<p>Facebook non dispone di un link per disattivare i suoi cookie. Per disabilitare questi cookie devi utilizzare le impostazioni del tuo browser.<\/p>\n","protected":false},"excerpt":{"rendered":"<p>Ai sensi del Decreto Legislativo n. 196 del 30 giugno 2003 (\u201cCodice in materia di protezione dei dati personali\u201d) desideriamo informarLa che i dati personali forniti sul sito vision.arpsoft.webfactional.com verranno trattati nel rispetto dei diritti, delle libert\u00e0 fondamentali e della dignit\u00e0 dell\u2019interessato, tutelandone la riservatezza ed il diritto alla loro protezione. Titolare del trattamento. Il [&hellip;]<\/p>\n","protected":false},"author":1,"featured_media":0,"parent":0,"menu_order":0,"comment_status":"closed","ping_status":"closed","template":"","meta":[],"_links":{"self":[{"href":"https:\/\/www.visionpubl.com\/it\/wp-json\/wp\/v2\/pages\/2276"}],"collection":[{"href":"https:\/\/www.visionpubl.com\/it\/wp-json\/wp\/v2\/pages"}],"about":[{"href":"https:\/\/www.visionpubl.com\/it\/wp-json\/wp\/v2\/types\/page"}],"author":[{"embeddable":true,"href":"https:\/\/www.visionpubl.com\/it\/wp-json\/wp\/v2\/users\/1"}],"replies":[{"embeddable":true,"href":"https:\/\/www.visionpubl.com\/it\/wp-json\/wp\/v2\/comments?post=2276"}],"version-history":[{"count":4,"href":"https:\/\/www.visionpubl.com\/it\/wp-json\/wp\/v2\/pages\/2276\/revisions"}],"predecessor-version":[{"id":3811,"href":"https:\/\/www.visionpubl.com\/it\/wp-json\/wp\/v2\/pages\/2276\/revisions\/3811"}],"wp:attachment":[{"href":"https:\/\/www.visionpubl.com\/it\/wp-json\/wp\/v2\/media?parent=2276"}],"curies":[{"name":"wp","href":"https:\/\/api.w.org\/{rel}","templated":true}]}}