{"id":2261,"date":"2016-03-09T15:20:08","date_gmt":"2016-03-09T15:20:08","guid":{"rendered":"http:\/\/www.visionpubl.com\/?page_id=2261"},"modified":"2018-10-17T11:15:53","modified_gmt":"2018-10-17T11:15:53","slug":"spedizioni","status":"publish","type":"page","link":"https:\/\/www.visionpubl.com\/it\/spedizioni\/","title":{"rendered":"Spedizioni"},"content":{"rendered":"<p>[vc_row][vc_column][vc_column_text]In questa pagina sono riportate tutte le informazioni relative alle spedizioni dei tuoi acquisti su questo sito.<\/p>\n<p><strong>Imballaggi<\/strong>. Tutti i prodotti sono imballati con la massima cura e vengono spediti con allegata regolare fattura commerciale.<\/p>\n<p><strong>Costi di spedizione<\/strong>. Le spese di consegna sono a carico del cliente e sono indicate alla fine dell&#8217;ordine come supplemento ai prodotti selezionati.<\/p>\n<p>I costi di spedizione sono stabiliti in base al peso totale della merce acquistata, al metodo di spedizione scelto e all&#8217;area geografica di destinazione della merce. Il programma calcola in automatico il peso lordo totale del libro (ossia il peso del libro pi\u00f9 il peso dell&#8217;imballaggio).<\/p>\n<p>Il programma, inoltre, seleziona in automatico la spedizione pi\u00f9 economica, che sar\u00e0 comunque possibile modificare durante l&#8217;ordine.<\/p>\n<p>Queste modalit\u00e0 sono valide esclusivamente per spedizioni sul territorio italiano.<\/p>\n<p>Per l&#8217;estero, dopo la ricezione dell&#8217;ordine verr\u00e0 comunicato l&#8217;importo delle spese di spedizione. (I costi di spedizioni possono subire delle variazioni nel caso di promozioni in corso).<\/p>\n<p>Per acquisti di pi\u00f9 libri e per librerie, tour operator, scuole e altri istituti sono previsti sconti e promozioni.<\/p>\n<p><strong>Modalit\u00e0 di spedizione<\/strong>. La spedizione viene effettuata per mezzo\u00a0di posta ordinaria (con Poste Italiane) o con corriere espresso DHL.<\/p>\n<p>Il pacco viene generalmente spedito entro 2 giorni lavorativi dall&#8217;avvenuto ricevimento del pagamento.<\/p>\n<p>Il tempo di consegna varia in base al paese di destinazione, e una stima \u00e8 la seguente:<\/p>\n<p>Con\u00a0&#8220;<strong>Spedizione standard<\/strong>&#8220;, la consegna avviene generalmente tra\u00a07-14\u00a0giorni\u00a0lavorativi per l&#8217;Italia, 15-24\u00a0giorni\u00a0per l&#8217;Europa,\u00a0e 25-30\u00a0giorni\u00a0per USA e resto del mondo.<\/p>\n<p>Con\u00a0&#8220;<strong>Corriere espresso<\/strong>&#8220;, nella maggior parte dei casi la consegna avviene entro 5\u00a0giorni lavorativi.<\/p>\n<p><strong>Consegna<\/strong>. Una volta effettuato l&#8217;acquisto, verr\u00e0 inviata una e-mail nella casella di posta precedentemente indicata, che confermer\u00e0 la presa in carico dell&#8217;ordine e verr\u00e0 indicato il numero d&#8217;ordine.<\/p>\n<p>Successivamente verr\u00e0 inviata una seconda e-mail che segnaler\u00e0 che l\u2019 ordine \u00e8 stato spedito. L&#8217;Editore non si ritiene responsabile di eventuali ritardi nella consegna dipesi dal corriere.<\/p>\n<p>Al momento della consegna del libro da parte del corriere, il Cliente \u00e8 tenuto a controllare:<br \/>\n&#8211; che il numero dei libri in consegna corrisponda a quanto indicato nellla conferma dell&#8217;ordine inviata via e-mail;<br \/>\n&#8211; che l&#8217;imballo risulti integro e non danneggiato.<\/p>\n<p>La mancata corrispondenza del numero dei libri o danni agli stessi devono essere immediatamente contestati al corriere che effettua la consegna. Una volta firmato il documento del corriere, il Cliente non potr\u00e0 opporre alcuna contestazione circa le caratteristiche esteriori di quanto consegnato.<\/p>\n<p>Eventuali danni inerenti l&#8217;integrit\u00e0 fisica devono essere segnalati all&#8217;Editore entro 7 giorni dalla avvenuta consegna della merce.<\/p>\n<p>Nel caso di mancato ritiro della merce entro i giorni di giacenza previsti dal corriere, a causa di reiterata impossibilit\u00e0 di consegna al recapito indicato dal Cliente all&#8217;atto dell&#8217;ordine o per rifiuto della merce, l&#8217;ordine verr\u00e0 annullato. In questo caso la merce potr\u00e0 essere spedita nuovamente (anche ad altro indirizzo) previo nuovo pagamento dell&#8217;importo delle spese di spedizione.[\/vc_column_text][\/vc_column][\/vc_row]<\/p>\n","protected":false},"excerpt":{"rendered":"<p>[vc_row][vc_column][vc_column_text]In questa pagina sono riportate tutte le informazioni relative alle spedizioni dei tuoi acquisti su questo sito. Imballaggi. Tutti i prodotti sono imballati con la massima cura e vengono spediti con allegata regolare fattura commerciale. Costi di spedizione. Le spese di consegna sono a carico del cliente e sono indicate alla fine dell&#8217;ordine come supplemento [&hellip;]<\/p>\n","protected":false},"author":1,"featured_media":0,"parent":0,"menu_order":0,"comment_status":"closed","ping_status":"closed","template":"","meta":[],"_links":{"self":[{"href":"https:\/\/www.visionpubl.com\/it\/wp-json\/wp\/v2\/pages\/2261"}],"collection":[{"href":"https:\/\/www.visionpubl.com\/it\/wp-json\/wp\/v2\/pages"}],"about":[{"href":"https:\/\/www.visionpubl.com\/it\/wp-json\/wp\/v2\/types\/page"}],"author":[{"embeddable":true,"href":"https:\/\/www.visionpubl.com\/it\/wp-json\/wp\/v2\/users\/1"}],"replies":[{"embeddable":true,"href":"https:\/\/www.visionpubl.com\/it\/wp-json\/wp\/v2\/comments?post=2261"}],"version-history":[{"count":3,"href":"https:\/\/www.visionpubl.com\/it\/wp-json\/wp\/v2\/pages\/2261\/revisions"}],"predecessor-version":[{"id":3845,"href":"https:\/\/www.visionpubl.com\/it\/wp-json\/wp\/v2\/pages\/2261\/revisions\/3845"}],"wp:attachment":[{"href":"https:\/\/www.visionpubl.com\/it\/wp-json\/wp\/v2\/media?parent=2261"}],"curies":[{"name":"wp","href":"https:\/\/api.w.org\/{rel}","templated":true}]}}