{"id":6475,"date":"2024-08-29T14:43:09","date_gmt":"2024-08-29T14:43:09","guid":{"rendered":"https:\/\/www.visionpubl.com\/en\/?post_type=product&#038;p=6475"},"modified":"2024-08-29T14:43:10","modified_gmt":"2024-08-29T14:43:10","slug":"ein-ungewohnlicher-fuhrer-durch-die-galleria-borghese-im-comic","status":"publish","type":"product","link":"https:\/\/www.visionpubl.com\/en\/guidebooks\/ein-ungewohnlicher-fuhrer-durch-die-galleria-borghese-im-comic\/","title":{"rendered":"Ein ungew\u00f6hnlicher f\u00fchrer durch die Galleria Borghese im comic"},"content":{"rendered":"<p>Im suggestiven Rahmen der Galleria Borghese findet sich ein junger, eben erst eingestellter Nachtw\u00e4chter urpl\u00f6tzlich inmitten eines unglaublichen Abenteuers wieder, als er ungewollt das Geheimnis der im Museum ausgestellten Statuen l\u00fcftet: Durch eine einfache Ber\u00fchrung k\u00f6nnen sie zu neuem<br \/>\nLeben erwachen&#8230; aber nicht alle sind dabei von hehren Vors\u00e4tzen beseelt. W\u00e4hrend der Leser gemeinsam mit den Protagonisten die S\u00e4le der Galerie erkundet, erf\u00e4hrt er viel Neues und Wissenswertes \u00fcber die einzelnen Kunstwerke und die Mythen, die sie mit Leben erf\u00fcllen.<\/p>\n","protected":false},"excerpt":{"rendered":"<p>Im suggestiven Rahmen der Galleria Borghese findet sich ein junger, eben erst eingestellter Nachtw\u00e4chter urpl\u00f6tzlich inmitten eines unglaublichen Abenteuers wieder, als er ungewollt das Geheimnis der im Museum ausgestellten Statuen l\u00fcftet: Durch eine einfache Ber\u00fchrung k\u00f6nnen sie zu neuem<br \/>\nLeben erwachen&#8230; aber nicht alle sind dabei von hehren Vors\u00e4tzen beseelt. W\u00e4hrend der Leser gemeinsam mit den Protagonisten die S\u00e4le der Galerie erkundet, erf\u00e4hrt er viel Neues und Wissenswertes \u00fcber die einzelnen Kunstwerke und die Mythen, die sie mit Leben erf\u00fcllen.<\/p>\n","protected":false},"featured_media":6476,"comment_status":"closed","ping_status":"closed","template":"","meta":[],"_links":{"self":[{"href":"https:\/\/www.visionpubl.com\/en\/wp-json\/wp\/v2\/product\/6475"}],"collection":[{"href":"https:\/\/www.visionpubl.com\/en\/wp-json\/wp\/v2\/product"}],"about":[{"href":"https:\/\/www.visionpubl.com\/en\/wp-json\/wp\/v2\/types\/product"}],"replies":[{"embeddable":true,"href":"https:\/\/www.visionpubl.com\/en\/wp-json\/wp\/v2\/comments?post=6475"}],"wp:featuredmedia":[{"embeddable":true,"href":"https:\/\/www.visionpubl.com\/en\/wp-json\/wp\/v2\/media\/6476"}],"wp:attachment":[{"href":"https:\/\/www.visionpubl.com\/en\/wp-json\/wp\/v2\/media?parent=6475"}],"curies":[{"name":"wp","href":"https:\/\/api.w.org\/{rel}","templated":true}]}}