{"id":6473,"date":"2024-08-29T14:41:16","date_gmt":"2024-08-29T14:41:16","guid":{"rendered":"https:\/\/www.visionpubl.com\/en\/?post_type=product&#038;p=6473"},"modified":"2024-08-29T14:41:16","modified_gmt":"2024-08-29T14:41:16","slug":"guia-insolita-de-la-galleria-borghese-en-comic","status":"publish","type":"product","link":"https:\/\/www.visionpubl.com\/en\/guidebooks\/guia-insolita-de-la-galleria-borghese-en-comic\/","title":{"rendered":"Gu\u00eda ins\u00f3lita de la Galleria Borghese en c\u00f3mic"},"content":{"rendered":"<p>En el evocador escenario de la Galleria Borghese, un joven vigilante nocturno reci\u00e9n contratado se ve catapultado a una incre\u00edble aventura cuando descubre el poder secreto de las estatuas del museo: pueden cobrar vida con un simple toque\u2026 pero no todas tienen buenas intenciones.<br \/>\nMientras explora el museo junto a los protagonistas, el lector descubre curiosidades sobre las obras y los mitos que les dan vida.<\/p>\n","protected":false},"excerpt":{"rendered":"<p>En el evocador escenario de la Galleria Borghese, un joven vigilante nocturno reci\u00e9n contratado se ve catapultado a una incre\u00edble aventura cuando descubre el poder secreto de las estatuas del museo: pueden cobrar vida con un simple toque\u2026 pero no todas tienen buenas intenciones.<br \/>\nMientras explora el museo junto a los protagonistas, el lector descubre curiosidades sobre las obras y los mitos que les dan vida.<\/p>\n","protected":false},"featured_media":6474,"comment_status":"closed","ping_status":"closed","template":"","meta":[],"_links":{"self":[{"href":"https:\/\/www.visionpubl.com\/en\/wp-json\/wp\/v2\/product\/6473"}],"collection":[{"href":"https:\/\/www.visionpubl.com\/en\/wp-json\/wp\/v2\/product"}],"about":[{"href":"https:\/\/www.visionpubl.com\/en\/wp-json\/wp\/v2\/types\/product"}],"replies":[{"embeddable":true,"href":"https:\/\/www.visionpubl.com\/en\/wp-json\/wp\/v2\/comments?post=6473"}],"wp:featuredmedia":[{"embeddable":true,"href":"https:\/\/www.visionpubl.com\/en\/wp-json\/wp\/v2\/media\/6474"}],"wp:attachment":[{"href":"https:\/\/www.visionpubl.com\/en\/wp-json\/wp\/v2\/media?parent=6473"}],"curies":[{"name":"wp","href":"https:\/\/api.w.org\/{rel}","templated":true}]}}