{"id":6471,"date":"2024-08-29T14:39:07","date_gmt":"2024-08-29T14:39:07","guid":{"rendered":"https:\/\/www.visionpubl.com\/en\/?post_type=product&#038;p=6471"},"modified":"2024-12-07T14:55:43","modified_gmt":"2024-12-07T14:55:43","slug":"un-guide-insolite-a-la-galleria-borghese-en-bd","status":"publish","type":"product","link":"https:\/\/www.visionpubl.com\/en\/guidebooks\/un-guide-insolite-a-la-galleria-borghese-en-bd\/","title":{"rendered":"Un guide insolite \u00e0 la Galleria Borghese en BD"},"content":{"rendered":"<p>Dans le cadre suggestif de la Galleria Borghese, un jeune gardien de nuit tout juste embauch\u00e9 se retrouve catapult\u00e9 dans une aventure<br \/>\nincroyable lorsqu\u2019il d\u00e9couvre le pouvoir secret des statues renferm\u00e9es dans le mus\u00e9e : un simple toucher leur permet de s\u2019animer\u2026<br \/>\nmais pas toujours avec de bonnes intentions. Au fur et \u00e0 mesure qu\u2019il explore le mus\u00e9e avec ces protagonistes, le lecteur d\u00e9couvre force de curiosit\u00e9s sur ces oeuvres et sur les mythes qui leur donne vie.<\/p>\n","protected":false},"excerpt":{"rendered":"<p>Dans le cadre suggestif de la Galleria Borghese, un jeune gardien de nuit tout juste embauch\u00e9 se retrouve catapult\u00e9 dans une aventure<br \/>\nincroyable lorsqu\u2019il d\u00e9couvre le pouvoir secret des statues renferm\u00e9es dans le mus\u00e9e : un simple toucher leur permet de s\u2019animer\u2026<br \/>\nmais pas toujours avec de bonnes intentions. Au fur et \u00e0 mesure qu\u2019il explore le mus\u00e9e avec ces protagonistes, le lecteur d\u00e9couvre force de curiosit\u00e9s sur ces oeuvres et sur les mythes qui leur donne vie.<\/p>\n","protected":false},"featured_media":6472,"comment_status":"closed","ping_status":"closed","template":"","meta":[],"_links":{"self":[{"href":"https:\/\/www.visionpubl.com\/en\/wp-json\/wp\/v2\/product\/6471"}],"collection":[{"href":"https:\/\/www.visionpubl.com\/en\/wp-json\/wp\/v2\/product"}],"about":[{"href":"https:\/\/www.visionpubl.com\/en\/wp-json\/wp\/v2\/types\/product"}],"replies":[{"embeddable":true,"href":"https:\/\/www.visionpubl.com\/en\/wp-json\/wp\/v2\/comments?post=6471"}],"wp:featuredmedia":[{"embeddable":true,"href":"https:\/\/www.visionpubl.com\/en\/wp-json\/wp\/v2\/media\/6472"}],"wp:attachment":[{"href":"https:\/\/www.visionpubl.com\/en\/wp-json\/wp\/v2\/media?parent=6471"}],"curies":[{"name":"wp","href":"https:\/\/api.w.org\/{rel}","templated":true}]}}