{"id":5607,"date":"2019-07-10T13:43:05","date_gmt":"2019-07-10T13:43:05","guid":{"rendered":"https:\/\/www.visionpubl.com\/en\/?post_type=product&#038;p=5607"},"modified":"2022-04-12T09:05:13","modified_gmt":"2022-04-12T09:05:13","slug":"the-colosseum-and-the-circus-maximus-french","status":"publish","type":"product","link":"https:\/\/www.visionpubl.com\/en\/guidebooks\/the-colosseum-and-the-circus-maximus-french\/","title":{"rendered":"The Colosseum and the Circus Maximus (in French)"},"content":{"rendered":"","protected":false},"excerpt":{"rendered":"<p><span style=\"color: #000000\"><span style=\"font-family: Times New Roman, serif\"><span style=\"font-size: medium\"><span lang=\"en-US\"><i>Rome\u2019s Box <\/i><\/span><\/span><\/span><\/span><span style=\"color: #000000\"><span style=\"font-family: Times New Roman, serif\"><span style=\"font-size: medium\"><span lang=\"en-US\">is the name of a series of books that the publishing house Vision has conceived to popularize the city\u2019s heritage amongst children and lead them to a fascinating approach to Rome\u2019s history throughout ages.<\/span><\/span><\/span><\/span><\/p>\n<p><span style=\"color: #000000\"><span style=\"font-family: Times New Roman, serif\"><span style=\"font-size: medium\">The project has been inspired by the texts of the writer \u00d3scar Mart\u00ednez\u00a0Garc\u00eda and from an original idea of the artist Mar\u00eda \u00c1ngeles\u00a0Vila who shares her creative talents in laboratories dedicated to childrean through an exciting educational process, where various techniques, materials and supporting media are experimented. <\/span><\/span><\/span><\/p>\n<p><span style=\"color: #000000\"><span style=\"font-family: Times New Roman, serif\"><span style=\"font-size: medium\">In this second tale of the series, it&#8217;s the Colosseum that tells his more than 2000 years old story.<\/span><\/span><\/span><\/p>\n<p>&nbsp;<\/p>\n<p><strong>Format<\/strong>: cm 19,5\u00d719,5<\/p>\n<p><strong>Pages<\/strong>: 30<\/p>\n<p><strong>Text<\/strong>: \u00d3scar Mart\u00ednez\u00a0Garc\u00eda<\/p>\n<p><strong>Illustrations<\/strong>:\u00a0Mar\u00eda \u00c1ngeles\u00a0Vila<\/p>\n<div class=\"page\" title=\"Page 30\">\n<div class=\"section\">\n<div class=\"layoutArea\">\n<div class=\"column\"><strong>Graphic project<\/strong>:\u00a0Carla Ladau<\/div>\n<\/div>\n<\/div>\n<\/div>\n","protected":false},"featured_media":5597,"comment_status":"closed","ping_status":"closed","template":"","meta":[],"_links":{"self":[{"href":"https:\/\/www.visionpubl.com\/en\/wp-json\/wp\/v2\/product\/5607"}],"collection":[{"href":"https:\/\/www.visionpubl.com\/en\/wp-json\/wp\/v2\/product"}],"about":[{"href":"https:\/\/www.visionpubl.com\/en\/wp-json\/wp\/v2\/types\/product"}],"replies":[{"embeddable":true,"href":"https:\/\/www.visionpubl.com\/en\/wp-json\/wp\/v2\/comments?post=5607"}],"wp:featuredmedia":[{"embeddable":true,"href":"https:\/\/www.visionpubl.com\/en\/wp-json\/wp\/v2\/media\/5597"}],"wp:attachment":[{"href":"https:\/\/www.visionpubl.com\/en\/wp-json\/wp\/v2\/media?parent=5607"}],"curies":[{"name":"wp","href":"https:\/\/api.w.org\/{rel}","templated":true}]}}