{"id":5124,"date":"2018-03-04T16:33:21","date_gmt":"2018-03-04T16:33:21","guid":{"rendered":"https:\/\/www.visionpubl.com\/en\/guidebooks\/the-roman-she-wolf\/"},"modified":"2022-11-03T19:33:28","modified_gmt":"2022-11-03T19:33:28","slug":"the-roman-she-wolf-illustrated-book","status":"publish","type":"product","link":"https:\/\/www.visionpubl.com\/en\/guidebooks\/the-roman-she-wolf-illustrated-book\/","title":{"rendered":"The Roman She-Wolf"},"content":{"rendered":"","protected":false},"excerpt":{"rendered":"<p><span lang=\"en-US\"><i>Rome\u2019s Box <\/i><\/span><span lang=\"en-US\">is the name of a series of books that the publishing house Vision has conceived to popularize the city\u2019s heritage amongst children and lead them to a fascinating approach to Rome\u2019s history throughout ages.<\/span><\/p>\n<p>The project has been inspired by the texts of the writer \u00d3scar Mart\u00ednez\u00a0Garc\u00eda and from an original idea of the artist Mar\u00eda \u00c1ngeles\u00a0Vila who shares her creative talents in laboratories dedicated to childrean through an exciting educational process, where various techniques, materials and supporting media are experimented.<\/p>\n<p lang=\"en-US\"><span style=\"color: #000000\"><span style=\"font-family: Times New Roman, serif\"><span style=\"font-size: medium\">The first story is told by LUPERCA, the Capitoline she-wolf who played a key role in the birth of the Eternal City.<\/span><\/span><\/span><\/p>\n<p>&nbsp;<\/p>\n<p><strong>Format<\/strong>: cm 19,5\u00d719,5<\/p>\n<p><strong>Pages<\/strong>: 30<\/p>\n<p><strong>Text<\/strong>: \u00d3scar Mart\u00ednez\u00a0Garc\u00eda<\/p>\n<p><strong>Illustrations<\/strong>:\u00a0Mar\u00eda \u00c1ngeles\u00a0Vila<\/p>\n<div class=\"page\" title=\"Page 30\">\n<div class=\"section\">\n<div class=\"layoutArea\">\n<div class=\"column\"><strong>Graphic project<\/strong>:\u00a0Carla Ladau<\/div>\n<\/div>\n<\/div>\n<\/div>\n","protected":false},"featured_media":5115,"comment_status":"open","ping_status":"closed","template":"","meta":[],"_links":{"self":[{"href":"https:\/\/www.visionpubl.com\/en\/wp-json\/wp\/v2\/product\/5124"}],"collection":[{"href":"https:\/\/www.visionpubl.com\/en\/wp-json\/wp\/v2\/product"}],"about":[{"href":"https:\/\/www.visionpubl.com\/en\/wp-json\/wp\/v2\/types\/product"}],"replies":[{"embeddable":true,"href":"https:\/\/www.visionpubl.com\/en\/wp-json\/wp\/v2\/comments?post=5124"}],"wp:featuredmedia":[{"embeddable":true,"href":"https:\/\/www.visionpubl.com\/en\/wp-json\/wp\/v2\/media\/5115"}],"wp:attachment":[{"href":"https:\/\/www.visionpubl.com\/en\/wp-json\/wp\/v2\/media?parent=5124"}],"curies":[{"name":"wp","href":"https:\/\/api.w.org\/{rel}","templated":true}]}}